{"id":410,"date":"2017-10-16T15:58:53","date_gmt":"2017-10-16T13:58:53","guid":{"rendered":"http:\/\/errebi-italia.com\/accessori\/"},"modified":"2017-12-06T17:50:38","modified_gmt":"2017-12-06T16:50:38","slug":"accessoires-pour-segmenteuse","status":"publish","type":"page","link":"https:\/\/www.errebi-italia.com\/fr\/accessoires-pour-segmenteuse\/","title":{"rendered":"Accessoires pour Segmenteuse"},"content":{"rendered":"<div class=\"wpb-content-wrapper\"><p>[vc_row equal_height=\u00a0\u00bbyes\u00a0\u00bb][vc_column width=\u00a0\u00bb1\/4&Prime;][vc_single_image image=\u00a0\u00bb82&Prime; img_size=\u00a0\u00bbfull\u00a0\u00bb alignment=\u00a0\u00bbcenter\u00a0\u00bb onclick=\u00a0\u00bblink_image\u00a0\u00bb][\/vc_column][vc_column width=\u00a0\u00bb1\/4&Prime;][vc_column_text]<\/p>\n<h4><span style=\"color: #034999;\">CLAVIERS DE COMMANDE<\/span><\/h4>\n<p><strong>Les claviers de commande sont disponibles dans les langues<br \/>\n<\/strong>ITALIEN Code produit : <strong>1010042-IT<\/strong><br \/>\nANGLAIS Code produit : <strong>1010042-EN<\/strong><br \/>\nFRAN\u00c7AIS Code produit : <strong>1010042-FR<\/strong><br \/>\nESPAGNOL Code produit : <strong>1010042-ES<\/strong><br \/>\nALLEMAND Code produit : <strong>1010042-DE\u00a0<\/strong>[\/vc_column_text][\/vc_column][vc_column width=\u00a0\u00bb1\/4&Prime;][vc_single_image image=\u00a0\u00bb88&Prime; img_size=\u00a0\u00bbfull\u00a0\u00bb alignment=\u00a0\u00bbcenter\u00a0\u00bb onclick=\u00a0\u00bblink_image\u00a0\u00bb][\/vc_column][vc_column width=\u00a0\u00bb1\/4&Prime;][vc_column_text]<\/p>\n<h4><span style=\"color: #034999;\">KIT LAME STANDARD<\/span><\/h4>\n<p style=\"text-align: justify;\"><strong>Ouverture de coupe<\/strong> 50x20mm<br \/>\n<strong>Mat\u00e9riau<\/strong>\u00a0acier tremp\u00e9<br \/>\nLe kit comprend la lame sup\u00e9rieure, la lame inf\u00e9rieure, les cales d&rsquo;\u00e9paisseur et les glissi\u00e8res.\u00a0L&rsquo;ensemble du kit doit \u00eatre remplac\u00e9 dans son int\u00e9gralit\u00e9, et non pas des parties individuelles de celui-ci.<br \/>\nCode produit :\u00a0<strong>1010033<\/strong><\/p>\n<p>[\/vc_column_text][\/vc_column][\/vc_row][vc_row full_width=\u00a0\u00bbstretch_row\u00a0\u00bb equal_height=\u00a0\u00bbyes\u00a0\u00bb css=\u00a0\u00bb.vc_custom_1508163326111{background-color: #f9f9f9 !important;}\u00a0\u00bb][vc_column width=\u00a0\u00bb1\/4&Prime;][vc_single_image image=\u00a0\u00bb93&Prime; img_size=\u00a0\u00bbfull\u00a0\u00bb alignment=\u00a0\u00bbcenter\u00a0\u00bb onclick=\u00a0\u00bblink_image\u00a0\u00bb][\/vc_column][vc_column width=\u00a0\u00bb1\/4&Prime;][vc_column_text]<\/p>\n<h4><span style=\"color: #034999;\">KIT LAME WIDIA<\/span><\/h4>\n<p style=\"text-align: justify;\"><strong>Ouverture de coupe<\/strong> 50x20mm<br \/>\n<strong>Mat\u00e9riau<\/strong> acier tremp\u00e9 avec plaquette de carbure widia<br \/>\nLe kit comprend la lame sup\u00e9rieure, la lame inf\u00e9rieure, les cales d&rsquo;\u00e9paisseur et les glissi\u00e8res.<br \/>\nL&rsquo;ensemble du kit doit \u00eatre remplac\u00e9 dans son int\u00e9gralit\u00e9, et non pas des parties individuelles de celui-ci.<br \/>\nCode produit : <strong>1010035<\/strong><\/p>\n<p>[\/vc_column_text][\/vc_column][vc_column width=\u00a0\u00bb1\/4&Prime;][vc_single_image image=\u00a0\u00bb94&Prime; img_size=\u00a0\u00bbfull\u00a0\u00bb alignment=\u00a0\u00bbcenter\u00a0\u00bb onclick=\u00a0\u00bblink_image\u00a0\u00bb][\/vc_column][vc_column width=\u00a0\u00bb1\/4&Prime;][vc_column_text]<\/p>\n<h4><span style=\"color: #034999;\">KIT LAME LARGE<\/span><\/h4>\n<p style=\"text-align: justify;\"><strong>Ouverture de coupe\u00a0<\/strong>85x20mm<br \/>\n<strong>Mat\u00e9riau<\/strong> acier tremp\u00e9<br \/>\nLe kit comprend la lame sup\u00e9rieure, la lame inf\u00e9rieure, les cales d&rsquo;\u00e9paisseur et les glissi\u00e8res.<br \/>\nL&rsquo;ensemble du kit doit \u00eatre remplac\u00e9 dans son int\u00e9gralit\u00e9, et non pas des parties individuelles de celui-ci.<br \/>\nCode produit : <strong>1010030<\/strong><\/p>\n<p>[\/vc_column_text][\/vc_column][\/vc_row][vc_row equal_height=\u00a0\u00bbyes\u00a0\u00bb][vc_column width=\u00a0\u00bb1\/4&Prime;][vc_single_image image=\u00a0\u00bb99&Prime; img_size=\u00a0\u00bbfull\u00a0\u00bb alignment=\u00a0\u00bbcenter\u00a0\u00bb onclick=\u00a0\u00bblink_image\u00a0\u00bb][\/vc_column][vc_column width=\u00a0\u00bb1\/4&Prime;][vc_column_text]<\/p>\n<h4><span style=\"color: #034999;\">KIT LAME EN V<\/span><\/h4>\n<p><strong>Ouverture de coupe<\/strong> : largeur max 50mm, hauteur max 20mm<br \/>\n<strong>Mat\u00e9riau<\/strong> acier tremp\u00e9<br \/>\nLe kit comprend la lame sup\u00e9rieure, la lame inf\u00e9rieure, les cales d&rsquo;\u00e9paisseur et les glissi\u00e8res. L&rsquo;ensemble du kit doit \u00eatre remplac\u00e9 dans son int\u00e9gralit\u00e9, et non pas des parties individuelles de celui-ci.<br \/>\nCode produit : <strong>1010029<\/strong>[\/vc_column_text][\/vc_column][vc_column width=\u00a0\u00bb1\/4&Prime;][vc_single_image image=\u00a0\u00bb104&Prime; img_size=\u00a0\u00bbfull\u00a0\u00bb alignment=\u00a0\u00bbcenter\u00a0\u00bb onclick=\u00a0\u00bblink_image\u00a0\u00bb][\/vc_column][vc_column width=\u00a0\u00bb1\/4&Prime;][vc_column_text]<\/p>\n<h4><span style=\"color: #034999;\">KIT LAME COUPE-PAPIER<\/span><\/h4>\n<p><strong>Ouverture de coupe<\/strong> : 2&#215;150 mm<br \/>\n<strong>Mat\u00e9riau<\/strong> : acier tremp\u00e9<br \/>\nLe kit comprend la lame sup\u00e9rieure, la lame inf\u00e9rieure.\u00a0L&rsquo;ensemble du kit doit \u00eatre remplac\u00e9 dans son int\u00e9gralit\u00e9, et non pas des parties individuelles de celui-ci.<br \/>\nCod.prodotto: <strong>1010031<\/strong>[\/vc_column_text][\/vc_column][\/vc_row][vc_row full_width=\u00a0\u00bbstretch_row\u00a0\u00bb equal_height=\u00a0\u00bbyes\u00a0\u00bb css=\u00a0\u00bb.vc_custom_1508163326111{background-color: #f9f9f9 !important;}\u00a0\u00bb][vc_column width=\u00a0\u00bb1\/4&Prime;][vc_single_image image=\u00a0\u00bb216&Prime; img_size=\u00a0\u00bbfull\u00a0\u00bb alignment=\u00a0\u00bbcenter\u00a0\u00bb onclick=\u00a0\u00bblink_image\u00a0\u00bb][\/vc_column][vc_column width=\u00a0\u00bb1\/4&Prime;][vc_column_text]<\/p>\n<h4><span style=\"color: #034999;\">FEUILLE \u00c0 D\u00c9COUPER LE TUBE<\/span><\/h4>\n<p>Inclut seulement la feuille de coupe<\/p>\n<p>Code produit : <strong>1010028<\/strong>[\/vc_column_text][\/vc_column][vc_column width=\u00a0\u00bb1\/4&Prime;][vc_single_image image=\u00a0\u00bb100&Prime; img_size=\u00a0\u00bbfull\u00a0\u00bb alignment=\u00a0\u00bbcenter\u00a0\u00bb onclick=\u00a0\u00bblink_image\u00a0\u00bb][\/vc_column][vc_column width=\u00a0\u00bb1\/4&Prime;][vc_column_text]<\/p>\n<h4><span style=\"color: #034999;\">KIT LAME COUPE TUBE<\/span><\/h4>\n<p><strong>Ouverture de coupe<\/strong> : diam\u00e8tre max 17 mm<br \/>\n<strong>Mat\u00e9riau<\/strong> : acier<br \/>\nLe kit comprend la lame sup\u00e9rieure, la lame inf\u00e9rieure, les cales d&rsquo;\u00e9paisseur et les glissi\u00e8res.\u00a0L&rsquo;ensemble du kit doit \u00eatre remplac\u00e9 dans son int\u00e9gralit\u00e9, et non pas des parties individuelles de celui-ci.<br \/>\nCode produit : <strong>1010027<\/strong>[\/vc_column_text][\/vc_column][\/vc_row][vc_row equal_height=\u00a0\u00bbyes\u00a0\u00bb][vc_column width=\u00a0\u00bb1\/4&Prime;][vc_single_image image=\u00a0\u00bb226&Prime; img_size=\u00a0\u00bbfull\u00a0\u00bb alignment=\u00a0\u00bbcenter\u00a0\u00bb onclick=\u00a0\u00bblink_image\u00a0\u00bb][\/vc_column][vc_column width=\u00a0\u00bb1\/4&Prime;][vc_column_text]<\/p>\n<h4><span style=\"color: #034999;\">KIT ROULEAUX B\u00c2TI D\u2019ENTR\u00c9E <\/span><\/h4>\n<p>Kit compos\u00e9 de quatre rouleaux en nylon \u00d815 mm.<br \/>\nCode produit : <strong>1010022<br \/>\n<\/strong>Kit compos\u00e9 de quatre rouleaux en nylon \u00d815mm et de feuilles.<br \/>\nCode produit : <strong>1010021<\/strong>[\/vc_column_text][\/vc_column][vc_column width=\u00a0\u00bb1\/4&Prime;][vc_single_image image=\u00a0\u00bb108&Prime; img_size=\u00a0\u00bbfull\u00a0\u00bb alignment=\u00a0\u00bbcenter\u00a0\u00bb onclick=\u00a0\u00bblink_image\u00a0\u00bb][\/vc_column][vc_column width=\u00a0\u00bb1\/4&Prime;][vc_column_text]<\/p>\n<h4><span style=\"color: #034999;\">KIT ROULEAUX COUPE-TUBE<\/span><\/h4>\n<p>Kit compos\u00e9 d&rsquo;un rouleau de traction en VULKOLLAN vert et d&rsquo;un rouleau de traction sup\u00e9rieur profil\u00e9s.<br \/>\nCode produit : <strong>1010076<\/strong>[\/vc_column_text][\/vc_column][\/vc_row][vc_row full_width=\u00a0\u00bbstretch_row\u00a0\u00bb equal_height=\u00a0\u00bbyes\u00a0\u00bb css=\u00a0\u00bb.vc_custom_1508163326111{background-color: #f9f9f9 !important;}\u00a0\u00bb][vc_column width=\u00a0\u00bb1\/4&Prime;][vc_single_image image=\u00a0\u00bb109&Prime; img_size=\u00a0\u00bbfull\u00a0\u00bb alignment=\u00a0\u00bbcenter\u00a0\u00bb onclick=\u00a0\u00bblink_image\u00a0\u00bb][\/vc_column][vc_column width=\u00a0\u00bb1\/4&Prime;][vc_column_text]<\/p>\n<h4><span style=\"color: #034999;\">ROULEAU SUP\u00c9RIEUR ENCODEUR<\/span><\/h4>\n<p>Rouleau en nylon \u00d840 mm, longueur 40 mm<\/p>\n<p>Code produit : <strong>1010056<\/strong>[\/vc_column_text][\/vc_column][vc_column width=\u00a0\u00bb1\/4&Prime;][vc_single_image image=\u00a0\u00bb111&Prime; img_size=\u00a0\u00bbfull\u00a0\u00bb alignment=\u00a0\u00bbcenter\u00a0\u00bb onclick=\u00a0\u00bblink_image\u00a0\u00bb][\/vc_column][vc_column width=\u00a0\u00bb1\/4&Prime;][vc_column_text]<\/p>\n<h4><span style=\"color: #034999;\">ROULEAU DE TRACTION SUP\u00c9RIEUR<\/span><\/h4>\n<p>Rouleau en nylon \u00d840 mm, longueur 50 mm<\/p>\n<p>Code produit : <strong>1010057<\/strong>[\/vc_column_text][\/vc_column][\/vc_row][vc_row equal_height=\u00a0\u00bbyes\u00a0\u00bb][vc_column width=\u00a0\u00bb1\/4&Prime;][vc_single_image image=\u00a0\u00bb112&Prime; img_size=\u00a0\u00bbfull\u00a0\u00bb alignment=\u00a0\u00bbcenter\u00a0\u00bb onclick=\u00a0\u00bblink_image\u00a0\u00bb][\/vc_column][vc_column width=\u00a0\u00bb1\/4&Prime;][vc_column_text]<\/p>\n<h4><span style=\"color: #034999;\">ROULEAU DE TRACTION VULKOLLAN VERT<\/span><\/h4>\n<p>Rouleau avec le noyau en m\u00e9tal couvert de VULKOLLAN vert, \u00d840 mm<\/p>\n<p>Code produit : <strong>10100455<\/strong>[\/vc_column_text][\/vc_column][vc_column width=\u00a0\u00bb1\/4&Prime;][vc_single_image image=\u00a0\u00bb114&Prime; img_size=\u00a0\u00bbfull\u00a0\u00bb alignment=\u00a0\u00bbcenter\u00a0\u00bb onclick=\u00a0\u00bblink_image\u00a0\u00bb][\/vc_column][vc_column width=\u00a0\u00bb1\/4&Prime;][vc_column_text]<\/p>\n<h4><span style=\"color: #034999;\">ROULEAU DE TRACTION VULKOLLAN ROUGE<\/span><\/h4>\n<p>Rouleau avec le noyau en m\u00e9tal couvert de VULKOLLAN rouge, \u00d840 mm<\/p>\n<p>Code produit : <strong>1010069<\/strong>[\/vc_column_text][\/vc_column][\/vc_row][vc_row full_width=\u00a0\u00bbstretch_row\u00a0\u00bb equal_height=\u00a0\u00bbyes\u00a0\u00bb css=\u00a0\u00bb.vc_custom_1508163326111{background-color: #f9f9f9 !important;}\u00a0\u00bb][vc_column width=\u00a0\u00bb1\/4&Prime;][vc_single_image image=\u00a0\u00bb115&Prime; img_size=\u00a0\u00bbfull\u00a0\u00bb alignment=\u00a0\u00bbcenter\u00a0\u00bb onclick=\u00a0\u00bblink_image\u00a0\u00bb][\/vc_column][vc_column width=\u00a0\u00bb1\/4&Prime;][vc_column_text]<\/p>\n<h4><span style=\"color: #034999;\">ROULEAU DE TRACTION CANNEL\u00c9<\/span><\/h4>\n<p>Rouleau en acier tremp\u00e9 avec surface cannel\u00e9e, \u00d840 mm<br \/>\nCon\u00e7u pour ceux qui ont besoin de plus de puissance de traction du mat\u00e9riau que celle du rouleau en VULKOLLAN<br \/>\nCode produit : <strong>1010054<\/strong>[\/vc_column_text][\/vc_column][vc_column width=\u00a0\u00bb1\/4&Prime;][vc_single_image image=\u00a0\u00bb125&Prime; img_size=\u00a0\u00bbfull\u00a0\u00bb alignment=\u00a0\u00bbcenter\u00a0\u00bb onclick=\u00a0\u00bblink_image\u00a0\u00bb][\/vc_column][vc_column width=\u00a0\u00bb1\/4&Prime;][vc_column_text]<\/p>\n<h4><span style=\"color: #034999;\">ROULEAU DE TRACTION GALVANIS\u00c9<\/span><\/h4>\n<p>Rouleau en acier oxyd\u00e9, \u00d840 mm<br \/>\nCon\u00e7u pour ceux qui ont besoin de plus de puissance de traction du mat\u00e9riau<br \/>\nCode produit : <strong>1010070<\/strong>[\/vc_column_text][\/vc_column][\/vc_row][vc_row equal_height=\u00a0\u00bbyes\u00a0\u00bb][vc_column width=\u00a0\u00bb1\/4&Prime;][vc_single_image image=\u00a0\u00bb120&Prime; img_size=\u00a0\u00bbfull\u00a0\u00bb alignment=\u00a0\u00bbcenter\u00a0\u00bb onclick=\u00a0\u00bblink_image\u00a0\u00bb][\/vc_column][vc_column width=\u00a0\u00bb1\/4&Prime;][vc_column_text]<\/p>\n<h4><span style=\"color: #034999;\">GROUPE FR<\/span><\/h4>\n<p>R\u00e9ducteur de pression d&rsquo;entr\u00e9e de l&rsquo;air.<br \/>\nIl est fourni sans raccords ni manom\u00e8tre.<br \/>\nCode produit : <strong>1010075<\/strong>[\/vc_column_text][\/vc_column][vc_column width=\u00a0\u00bb1\/4&Prime;][vc_single_image image=\u00a0\u00bb117&Prime; img_size=\u00a0\u00bbfull\u00a0\u00bb alignment=\u00a0\u00bbcenter\u00a0\u00bb onclick=\u00a0\u00bblink_image\u00a0\u00bb][\/vc_column][vc_column width=\u00a0\u00bb1\/4&Prime;][vc_column_text]<\/p>\n<h4><span style=\"color: #034999;\">GROUPE FR + L<\/span><\/h4>\n<p>R\u00e9ducteur de pression d&rsquo;entr\u00e9e de l&rsquo;air avec zone de filtrage et de lubrification.<br \/>\nIl est fourni sans raccords ni manom\u00e8tre.<br \/>\nCode produit : <strong>1010016<\/strong>[\/vc_column_text][\/vc_column][\/vc_row][vc_row full_width=\u00a0\u00bbstretch_row\u00a0\u00bb equal_height=\u00a0\u00bbyes\u00a0\u00bb css=\u00a0\u00bb.vc_custom_1508163326111{background-color: #f9f9f9 !important;}\u00a0\u00bb][vc_column width=\u00a0\u00bb1\/4&Prime;][vc_single_image image=\u00a0\u00bb121&Prime; img_size=\u00a0\u00bbfull\u00a0\u00bb alignment=\u00a0\u00bbcenter\u00a0\u00bb onclick=\u00a0\u00bblink_image\u00a0\u00bb][\/vc_column][vc_column width=\u00a0\u00bb1\/4&Prime;][vc_column_text]<\/p>\n<h4><span style=\"color: #034999;\">MANOM\u00c8TRE<\/span><\/h4>\n<p>Indicateur de pression d&rsquo;air jusqu&rsquo;\u00e0 12 bar.<br \/>\nCode produit : <strong>1010039<\/strong>[\/vc_column_text][\/vc_column][vc_column width=\u00a0\u00bb1\/4&Prime;][vc_single_image image=\u00a0\u00bb122&Prime; img_size=\u00a0\u00bbfull\u00a0\u00bb alignment=\u00a0\u00bbcenter\u00a0\u00bb onclick=\u00a0\u00bblink_image\u00a0\u00bb][\/vc_column][vc_column width=\u00a0\u00bb1\/4&Prime;][vc_column_text]<\/p>\n<h4><span style=\"color: #034999;\">KIT SOUFFLAGE D&rsquo;AIR<\/span><\/h4>\n<p>Il est appliqu\u00e9 \u00e0 la segmenteuse pour faciliter la sortie du tuyau de vidange du mat\u00e9riau coup\u00e9, lorsque cela s&rsquo;av\u00e8re \u00eatre compliqu\u00e9, comme dans le cas de tr\u00e8s petits morceaux.<br \/>\nCode produit : <strong>1010037<\/strong><\/p>\n<p>[\/vc_column_text][\/vc_column][\/vc_row]<\/p>\n<\/div>","protected":false},"excerpt":{"rendered":"<p>[vc_row equal_height=\u00a0\u00bbyes\u00a0\u00bb][vc_column width=\u00a0\u00bb1\/4&Prime;][vc_single_image image=\u00a0\u00bb82&Prime; img_size=\u00a0\u00bbfull\u00a0\u00bb alignment=\u00a0\u00bbcenter\u00a0\u00bb onclick=\u00a0\u00bblink_image\u00a0\u00bb][\/vc_column][vc_column width=\u00a0\u00bb1\/4&Prime;][vc_column_text] CLAVIERS DE COMMANDE Les claviers de commande sont disponibles dans les langues ITALIEN Code produit : 1010042-IT ANGLAIS<span class=\"excerpt-hellip\"> [\u2026]<\/span><\/p>\n","protected":false},"author":2,"featured_media":0,"parent":0,"menu_order":0,"comment_status":"closed","ping_status":"closed","template":"","meta":{"footnotes":""},"class_list":["post-410","page","type-page","status-publish","hentry"],"_links":{"self":[{"href":"https:\/\/www.errebi-italia.com\/fr\/wp-json\/wp\/v2\/pages\/410","targetHints":{"allow":["GET"]}}],"collection":[{"href":"https:\/\/www.errebi-italia.com\/fr\/wp-json\/wp\/v2\/pages"}],"about":[{"href":"https:\/\/www.errebi-italia.com\/fr\/wp-json\/wp\/v2\/types\/page"}],"author":[{"embeddable":true,"href":"https:\/\/www.errebi-italia.com\/fr\/wp-json\/wp\/v2\/users\/2"}],"replies":[{"embeddable":true,"href":"https:\/\/www.errebi-italia.com\/fr\/wp-json\/wp\/v2\/comments?post=410"}],"version-history":[{"count":0,"href":"https:\/\/www.errebi-italia.com\/fr\/wp-json\/wp\/v2\/pages\/410\/revisions"}],"wp:attachment":[{"href":"https:\/\/www.errebi-italia.com\/fr\/wp-json\/wp\/v2\/media?parent=410"}],"curies":[{"name":"wp","href":"https:\/\/api.w.org\/{rel}","templated":true}]}}