{"id":428,"date":"2017-10-16T15:58:53","date_gmt":"2017-10-16T13:58:53","guid":{"rendered":"http:\/\/errebi-italia.com\/accessori\/"},"modified":"2017-12-07T10:20:58","modified_gmt":"2017-12-07T09:20:58","slug":"accesorios-para-la-maquina-de-corte","status":"publish","type":"page","link":"https:\/\/www.errebi-italia.com\/es\/accesorios-para-la-maquina-de-corte\/","title":{"rendered":"Accesorios para la m\u00e1quina de corte"},"content":{"rendered":"<div class=\"wpb-content-wrapper\"><p>[vc_row equal_height=\u00bbyes\u00bb][vc_column width=\u00bb1\/4&#8243;][vc_single_image image=\u00bb82&#8243; img_size=\u00bbfull\u00bb alignment=\u00bbcenter\u00bb onclick=\u00bblink_image\u00bb][\/vc_column][vc_column width=\u00bb1\/4&#8243;][vc_column_text]<\/p>\n<h4><span style=\"color: #034999;\">PANEL<\/span><\/h4>\n<p><strong>Los paneles de mando est\u00e1n disponibles en los siguientes idiomas:<br \/>\n<\/strong>ITALIANO C\u00f3d. producto: <strong>1010042-IT<\/strong><br \/>\nINGL\u00c9S C\u00f3d. producto: <strong>1010042-EN<\/strong><br \/>\nFRANC\u00c9S C\u00f3d. producto: <strong>1010042-FR<\/strong><br \/>\nESPA\u00d1OL C\u00f3d. producto: <strong>1010042-ES<\/strong><br \/>\nALEM\u00c1N C\u00f3d. producto: <strong>1010042-DE<\/strong>[\/vc_column_text][\/vc_column][vc_column width=\u00bb1\/4&#8243;][vc_single_image image=\u00bb88&#8243; img_size=\u00bbfull\u00bb alignment=\u00bbcenter\u00bb onclick=\u00bblink_image\u00bb][\/vc_column][vc_column width=\u00bb1\/4&#8243;][vc_column_text]<\/p>\n<h4><span style=\"color: #034999;\">KIT CUCHILLA EST\u00c1NDAR<\/span><\/h4>\n<p><strong>Anchura de corte<\/strong> 50&#215;20 mm<br \/>\n<strong>Material\u00a0<\/strong>acero templado<br \/>\nEl kit incluye una cuchilla superior, una cuchilla inferior, los espesores y las gu\u00edas de deslizamiento.\u00a0Es necesario sustituir el kit completo, y no solamente las varias partes del mismo.\u00a0C\u00f3d. producto: <strong>1010033<\/strong>[\/vc_column_text][\/vc_column][\/vc_row][vc_row full_width=\u00bbstretch_row\u00bb equal_height=\u00bbyes\u00bb css=\u00bb.vc_custom_1508163326111{background-color: #f9f9f9 !important;}\u00bb][vc_column width=\u00bb1\/4&#8243;][vc_single_image image=\u00bb93&#8243; img_size=\u00bbfull\u00bb alignment=\u00bbcenter\u00bb onclick=\u00bblink_image\u00bb][\/vc_column][vc_column width=\u00bb1\/4&#8243;][vc_column_text]<\/p>\n<h4><span style=\"color: #034999;\">KIT CUCHILLA WIDIA<\/span><\/h4>\n<p><strong>Anchura de corte<\/strong> 50&#215;20 mm<br \/>\n<strong>Material<\/strong> acero templado con placa de widia<br \/>\nEl kit incluye una cuchilla superior, una cuchilla inferior, los espesores y las gu\u00edas de deslizamiento.\u00a0Es necesario sustituir el kit completo, y no solamente las varias partes del mismo.\u00a0C\u00f3d. producto: <strong>1010035<\/strong>[\/vc_column_text][\/vc_column][vc_column width=\u00bb1\/4&#8243;][vc_single_image image=\u00bb94&#8243; img_size=\u00bbfull\u00bb alignment=\u00bbcenter\u00bb onclick=\u00bblink_image\u00bb][\/vc_column][vc_column width=\u00bb1\/4&#8243;][vc_column_text]<\/p>\n<h4><span style=\"color: #034999;\">\u00a0IT CUCHILLA ANCHA<\/span><\/h4>\n<p><strong>Anchura de corte<\/strong> 85&#215;20 mm<br \/>\n<strong>Material<\/strong> acero templado<br \/>\nEl kit incluye una cuchilla superior, una cuchilla inferior, los espesores y las gu\u00edas de deslizamiento.\u00a0Es necesario sustituir el kit completo, y no solamente las varias partes del mismo.\u00a0C\u00f3d. producto: <strong>1010030<\/strong>[\/vc_column_text][\/vc_column][\/vc_row][vc_row equal_height=\u00bbyes\u00bb][vc_column width=\u00bb1\/4&#8243;][vc_single_image image=\u00bb99&#8243; img_size=\u00bbfull\u00bb alignment=\u00bbcenter\u00bb onclick=\u00bblink_image\u00bb][\/vc_column][vc_column width=\u00bb1\/4&#8243;][vc_column_text]<\/p>\n<h4><span style=\"color: #034999;\">KIT CUCHILLA EN V<\/span><\/h4>\n<p><strong>Anchura de corte<\/strong> longitud m\u00e1x. 50 mm, altura m\u00e1x. 20 mm<br \/>\n<strong>Material<\/strong> acero templado<br \/>\nEl kit incluye una cuchilla superior, una cuchilla inferior, los espesores y las gu\u00edas de deslizamiento.\u00a0Es necesario sustituir el kit completo, y no solamente las varias partes del mismo.\u00a0C\u00f3d. producto: <strong>1010029<\/strong>[\/vc_column_text][\/vc_column][vc_column width=\u00bb1\/4&#8243;][vc_single_image image=\u00bb104&#8243; img_size=\u00bbfull\u00bb alignment=\u00bbcenter\u00bb onclick=\u00bblink_image\u00bb][\/vc_column][vc_column width=\u00bb1\/4&#8243;][vc_column_text]<\/p>\n<h4><span style=\"color: #034999;\">KIT CUCHILLA CORTA PAPEL<\/span><\/h4>\n<p><strong>Anchura de corte<\/strong> 2&#215;150 mm<br \/>\n<strong>Material<\/strong> acero templado<br \/>\nEl kit incluye una cuchilla superior y una cuchilla inferior.\u00a0Es necesario sustituir el kit completo, y no solamente las varias partes del mismo.\u00a0C\u00f3d. producto: <strong>1010031<\/strong>[\/vc_column_text][\/vc_column][\/vc_row][vc_row full_width=\u00bbstretch_row\u00bb equal_height=\u00bbyes\u00bb css=\u00bb.vc_custom_1508163326111{background-color: #f9f9f9 !important;}\u00bb][vc_column width=\u00bb1\/4&#8243;][vc_single_image image=\u00bb216&#8243; img_size=\u00bbfull\u00bb alignment=\u00bbcenter\u00bb onclick=\u00bblink_image\u00bb][\/vc_column][vc_column width=\u00bb1\/4&#8243;][vc_column_text]<\/p>\n<h4><span style=\"color: #034999;\">CHAPA PARA CORTAR TUBOS DE PEQUE\u00d1AS DIMENSIONES<\/span><\/h4>\n<p>Incluye s\u00f3lo la chapa para cortar<\/p>\n<p>C\u00f3d. producto: <strong>1010028<\/strong>[\/vc_column_text][\/vc_column][vc_column width=\u00bb1\/4&#8243;][vc_single_image image=\u00bb100&#8243; img_size=\u00bbfull\u00bb alignment=\u00bbcenter\u00bb onclick=\u00bblink_image\u00bb][\/vc_column][vc_column width=\u00bb1\/4&#8243;][vc_column_text]<\/p>\n<h4><span style=\"color: #034999;\">KIT CUCHILLA CORTA TUBOS DE PEQUE\u00d1AS DIMENSIONES<\/span><\/h4>\n<p><strong>Anchura de corte<\/strong> di\u00e1metro m\u00e1x. 17 mm<br \/>\n<strong>Material\u00a0<\/strong>acero<br \/>\nEl kit incluye una cuchilla superior, una cuchilla inferior, los espesores y las gu\u00edas de deslizamiento.\u00a0Es necesario sustituir el kit completo, y no solamente las varias partes del mismo.\u00a0C\u00f3d. producto: <strong>1010027<\/strong>[\/vc_column_text][\/vc_column][\/vc_row][vc_row equal_height=\u00bbyes\u00bb][vc_column width=\u00bb1\/4&#8243;][vc_single_image image=\u00bb226&#8243; img_size=\u00bbfull\u00bb alignment=\u00bbcenter\u00bb onclick=\u00bblink_image\u00bb][\/vc_column][vc_column width=\u00bb1\/4&#8243;][vc_column_text]<\/p>\n<h4><span style=\"color: #034999;\">KIT RODILLOS TURRETA ENTRADA<\/span><\/h4>\n<p>Kit constituido por cuatro rodillos de nylon \u00d8 15 mm.\u00a0C\u00f3d. producto: <strong>1010022<\/strong><br \/>\nKit constituido por cuatro rodillos de nylon \u00d8 15 mm y chapas.\u00a0C\u00f3d. producto: <strong>1010021<\/strong>[\/vc_column_text][\/vc_column][vc_column width=\u00bb1\/4&#8243;][vc_single_image image=\u00bb108&#8243; img_size=\u00bbfull\u00bb alignment=\u00bbcenter\u00bb onclick=\u00bblink_image\u00bb][\/vc_column][vc_column width=\u00bb1\/4&#8243;][vc_column_text]<\/p>\n<h4><span style=\"color: #034999;\">KIT RODILLOS CORTA TUBOS DE PEQUE\u00d1AS DIMENSIONES<\/span><\/h4>\n<p>Kit constituido por un rodillo de arrastre en vulkollan verde y un rodillo superior de arrastre moldeado.<br \/>\nC\u00f3d. producto: <strong>1010076<\/strong>[\/vc_column_text][\/vc_column][\/vc_row][vc_row full_width=\u00bbstretch_row\u00bb equal_height=\u00bbyes\u00bb css=\u00bb.vc_custom_1508163326111{background-color: #f9f9f9 !important;}\u00bb][vc_column width=\u00bb1\/4&#8243;][vc_single_image image=\u00bb109&#8243; img_size=\u00bbfull\u00bb alignment=\u00bbcenter\u00bb onclick=\u00bblink_image\u00bb][\/vc_column][vc_column width=\u00bb1\/4&#8243;][vc_column_text]<\/p>\n<h4><span style=\"color: #034999;\">RODILLO SUPERIOR ENCODER<\/span><\/h4>\n<p>Rodillo de nylon \u00d8 40 mm, longitud 40 mm<\/p>\n<p>C\u00f3d. producto: <strong>1010056<\/strong>[\/vc_column_text][\/vc_column][vc_column width=\u00bb1\/4&#8243;][vc_single_image image=\u00bb111&#8243; img_size=\u00bbfull\u00bb alignment=\u00bbcenter\u00bb onclick=\u00bblink_image\u00bb][\/vc_column][vc_column width=\u00bb1\/4&#8243;][vc_column_text]<\/p>\n<h4><span style=\"color: #034999;\">RODILLO SUPERIOR DE ARRASTRE<\/span><\/h4>\n<p>Rodillo de nylon \u00d8 50mm, longitud 50 mm<\/p>\n<p>C\u00f3d. producto: <strong>1010057<\/strong>[\/vc_column_text][\/vc_column][\/vc_row][vc_row equal_height=\u00bbyes\u00bb][vc_column width=\u00bb1\/4&#8243;][vc_single_image image=\u00bb112&#8243; img_size=\u00bbfull\u00bb alignment=\u00bbcenter\u00bb onclick=\u00bblink_image\u00bb][\/vc_column][vc_column width=\u00bb1\/4&#8243;][vc_column_text]<\/p>\n<h4><span style=\"color: #034999;\">RODILLO DE ARRASTRE VULKOLLAN VERDE<\/span><\/h4>\n<p>Rodillo con n\u00facleo met\u00e1lico cubierto por vulkollan verde, \u00d840 mm<\/p>\n<p>C\u00f3d. producto: <strong>1010055<\/strong>[\/vc_column_text][\/vc_column][vc_column width=\u00bb1\/4&#8243;][vc_single_image image=\u00bb114&#8243; img_size=\u00bbfull\u00bb alignment=\u00bbcenter\u00bb onclick=\u00bblink_image\u00bb][\/vc_column][vc_column width=\u00bb1\/4&#8243;][vc_column_text]<\/p>\n<h4><span style=\"color: #034999;\">RODILLO DE ARRASTRE VULKOLLAN ROJO<\/span><\/h4>\n<p>Rodillo con n\u00facleo met\u00e1lico cubierto por vulkollan rojo, \u00d840 mm<\/p>\n<p>C\u00f3d. producto: <strong>1010069<\/strong>[\/vc_column_text][\/vc_column][\/vc_row][vc_row full_width=\u00bbstretch_row\u00bb equal_height=\u00bbyes\u00bb css=\u00bb.vc_custom_1508163326111{background-color: #f9f9f9 !important;}\u00bb][vc_column width=\u00bb1\/4&#8243;][vc_single_image image=\u00bb115&#8243; img_size=\u00bbfull\u00bb alignment=\u00bbcenter\u00bb onclick=\u00bblink_image\u00bb][\/vc_column][vc_column width=\u00bb1\/4&#8243;][vc_column_text]<\/p>\n<h4><span style=\"color: #034999;\">RODILLO DE ARRASTRE MOLETEADO<\/span><\/h4>\n<p>Rodillo de acero templado con superficie moleteada, \u00d840 mm<br \/>\nEstudiado para los que necesitan una mayor fuerza de arrastre del material con respecto a realizada por el rodillo de vulkollan.\u00a0C\u00f3d. producto: <strong>1010054<\/strong>[\/vc_column_text][\/vc_column][vc_column width=\u00bb1\/4&#8243;][vc_single_image image=\u00bb125&#8243; img_size=\u00bbfull\u00bb alignment=\u00bbcenter\u00bb onclick=\u00bblink_image\u00bb][\/vc_column][vc_column width=\u00bb1\/4&#8243;][vc_column_text]<\/p>\n<h4><span style=\"color: #034999;\">RODILLO DE ARRASTRE GALVANIZADO<\/span><\/h4>\n<p>Rodillo en acero oxidado, \u00d8 40 mm<br \/>\nDise\u00f1ado para los que necesitan una mayor fuerza de arrastre del material<br \/>\nC\u00f3d. producto: <strong>1010070<\/strong>[\/vc_column_text][\/vc_column][\/vc_row][vc_row equal_height=\u00bbyes\u00bb][vc_column width=\u00bb1\/4&#8243;][vc_single_image image=\u00bb120&#8243; img_size=\u00bbfull\u00bb alignment=\u00bbcenter\u00bb onclick=\u00bblink_image\u00bb][\/vc_column][vc_column width=\u00bb1\/4&#8243;][vc_column_text]<\/p>\n<h4><span style=\"color: #034999;\">GRUPO FR<\/span><\/h4>\n<p>Reductor de presi\u00f3n de entrada del aire.<br \/>\nSe suministra sin racores y man\u00f3metro.<br \/>\nC\u00f3d. producto: <strong>1010075<\/strong>[\/vc_column_text][\/vc_column][vc_column width=\u00bb1\/4&#8243;][vc_single_image image=\u00bb117&#8243; img_size=\u00bbfull\u00bb alignment=\u00bbcenter\u00bb onclick=\u00bblink_image\u00bb][\/vc_column][vc_column width=\u00bb1\/4&#8243;][vc_column_text]<\/p>\n<h4><span style=\"color: #034999;\">GRUPO FR+L<\/span><\/h4>\n<p>Reductor de presi\u00f3n de entrada del aire con unidad de filtrado y lubricaci\u00f3n.<br \/>\nSe suministra sin racores y man\u00f3metro.<br \/>\nC\u00f3d. producto: <strong>1010016<\/strong>[\/vc_column_text][\/vc_column][\/vc_row][vc_row full_width=\u00bbstretch_row\u00bb equal_height=\u00bbyes\u00bb css=\u00bb.vc_custom_1508163326111{background-color: #f9f9f9 !important;}\u00bb][vc_column width=\u00bb1\/4&#8243;][vc_single_image image=\u00bb121&#8243; img_size=\u00bbfull\u00bb alignment=\u00bbcenter\u00bb onclick=\u00bblink_image\u00bb][\/vc_column][vc_column width=\u00bb1\/4&#8243;][vc_column_text]<\/p>\n<h4><span style=\"color: #034999;\">MAN\u00d3METRO<\/span><\/h4>\n<p>Indicador de presi\u00f3n del aire hasta 12 bar.<br \/>\nC\u00f3d. producto: <strong>1010039<\/strong>[\/vc_column_text][\/vc_column][vc_column width=\u00bb1\/4&#8243;][vc_single_image image=\u00bb122&#8243; img_size=\u00bbfull\u00bb alignment=\u00bbcenter\u00bb onclick=\u00bblink_image\u00bb][\/vc_column][vc_column width=\u00bb1\/4&#8243;][vc_column_text]<\/p>\n<h4><span style=\"color: #034999;\">KIT SOPLIDO AIRE<\/span><\/h4>\n<p>Se aplica en la m\u00e1quina de corte para ayudar la salida del tubo de descarga del material cortado cuando esta operaci\u00f3n resulta dif\u00edcil, por ejemplo si las piezas son muy peque\u00f1as.<br \/>\nC\u00f3d. producto: <strong>1010037<\/strong>[\/vc_column_text][\/vc_column][\/vc_row]<\/p>\n<\/div>","protected":false},"excerpt":{"rendered":"<p>[vc_row equal_height=\u00bbyes\u00bb][vc_column width=\u00bb1\/4&#8243;][vc_single_image image=\u00bb82&#8243; img_size=\u00bbfull\u00bb alignment=\u00bbcenter\u00bb onclick=\u00bblink_image\u00bb][\/vc_column][vc_column width=\u00bb1\/4&#8243;][vc_column_text] PANEL Los paneles de mando est\u00e1n disponibles en los siguientes idiomas: ITALIANO C\u00f3d. producto: 1010042-IT INGL\u00c9S C\u00f3d. producto:<span class=\"excerpt-hellip\"> [\u2026]<\/span><\/p>\n","protected":false},"author":2,"featured_media":0,"parent":0,"menu_order":0,"comment_status":"closed","ping_status":"closed","template":"","meta":{"footnotes":""},"class_list":["post-428","page","type-page","status-publish","hentry"],"_links":{"self":[{"href":"https:\/\/www.errebi-italia.com\/es\/wp-json\/wp\/v2\/pages\/428","targetHints":{"allow":["GET"]}}],"collection":[{"href":"https:\/\/www.errebi-italia.com\/es\/wp-json\/wp\/v2\/pages"}],"about":[{"href":"https:\/\/www.errebi-italia.com\/es\/wp-json\/wp\/v2\/types\/page"}],"author":[{"embeddable":true,"href":"https:\/\/www.errebi-italia.com\/es\/wp-json\/wp\/v2\/users\/2"}],"replies":[{"embeddable":true,"href":"https:\/\/www.errebi-italia.com\/es\/wp-json\/wp\/v2\/comments?post=428"}],"version-history":[{"count":0,"href":"https:\/\/www.errebi-italia.com\/es\/wp-json\/wp\/v2\/pages\/428\/revisions"}],"wp:attachment":[{"href":"https:\/\/www.errebi-italia.com\/es\/wp-json\/wp\/v2\/media?parent=428"}],"curies":[{"name":"wp","href":"https:\/\/api.w.org\/{rel}","templated":true}]}}