{"id":419,"date":"2017-10-16T15:58:53","date_gmt":"2017-10-16T13:58:53","guid":{"rendered":"http:\/\/errebi-italia.com\/accessori\/"},"modified":"2017-12-12T15:21:46","modified_gmt":"2017-12-12T14:21:46","slug":"zubehoer-fuer-schneidevorrichtungen","status":"publish","type":"page","link":"https:\/\/www.errebi-italia.com\/de\/zubehoer-fuer-schneidevorrichtungen\/","title":{"rendered":"Zubeh\u00f6r F\u00fcr Schneidevorrichtungen"},"content":{"rendered":"<div class=\"wpb-content-wrapper\"><p>[vc_row equal_height=&#8220;yes&#8220;][vc_column width=&#8220;1\/4&#8243;][vc_single_image image=&#8220;82&#8243; img_size=&#8220;full&#8220; alignment=&#8220;center&#8220; onclick=&#8220;link_image&#8220;][\/vc_column][vc_column width=&#8220;1\/4&#8243;][vc_column_text]<\/p>\n<h4><span style=\"color: #034999;\">TAFELN<\/span><\/h4>\n<p>Tafeln sind in folgenden Sprachen erh\u00e4ltlich:<br \/>\nITALIENISCH \u00a0Artikelnummer: <strong>1010042-IT<\/strong><br \/>\nENGLISCH Artikelnummer: <strong>1010042-EN<\/strong><br \/>\nFRANZ\u00d6SISCH<br \/>\nArtikelnummer: <strong>1010042-FR<\/strong><br \/>\nSPANISCH Artikelnummer: <strong>1010042-ES<\/strong><br \/>\nDEUTSCH Artikelnummer:\u00a0<strong>1010042-DE\u00a0\u00a0\u00a0<\/strong>[\/vc_column_text][\/vc_column][vc_column width=&#8220;1\/4&#8243;][vc_single_image image=&#8220;88&#8243; img_size=&#8220;full&#8220; alignment=&#8220;center&#8220; onclick=&#8220;link_image&#8220;][\/vc_column][vc_column width=&#8220;1\/4&#8243;][vc_column_text]<\/p>\n<h4><span style=\"color: #034999;\">STANDARDMESSERSATZ<\/span><\/h4>\n<p><strong>Schnitt\u00f6ffnung<\/strong> 50x20mm<br \/>\n<strong>Material<\/strong> geh\u00e4rteter Stahl<br \/>\nDer Satz besteht aus einem oberen Messer, einem unteren Messer, Passscheiben und Gleitf\u00fchrungen.\u00a0Es ist der gesamte Satz und nicht nur einzelne Teile davon zu ersetzen.<br \/>\nArtikelnummer: <strong>1010033<\/strong>[\/vc_column_text][\/vc_column][\/vc_row][vc_row full_width=&#8220;stretch_row&#8220; equal_height=&#8220;yes&#8220; css=&#8220;.vc_custom_1508163326111{background-color: #f9f9f9 !important;}&#8220;][vc_column width=&#8220;1\/4&#8243;][vc_single_image image=&#8220;93&#8243; img_size=&#8220;full&#8220; alignment=&#8220;center&#8220; onclick=&#8220;link_image&#8220;][\/vc_column][vc_column width=&#8220;1\/4&#8243;][vc_column_text]<\/p>\n<h4><span style=\"color: #034999;\">WIDIAMESSERSATZ<\/span><\/h4>\n<p><strong>Schnitt\u00f6ffnung<\/strong> 50x20mm<br \/>\n<strong>Material<\/strong> geh\u00e4rteter Stahl mit Widiapl\u00e4ttchen<br \/>\nDer Satz besteht aus einem oberen Messer, einem unteren Messer, Passscheiben und Gleitf\u00fchrungen.\u00a0Es ist der gesamte Satz und nicht nur einzelne Teile davon zu ersetzen.\u00a0Artikelnummer: <strong>1010035<\/strong>[\/vc_column_text][\/vc_column][vc_column width=&#8220;1\/4&#8243;][vc_single_image image=&#8220;94&#8243; img_size=&#8220;full&#8220; alignment=&#8220;center&#8220; onclick=&#8220;link_image&#8220;][\/vc_column][vc_column width=&#8220;1\/4&#8243;][vc_column_text]<\/p>\n<h4><span style=\"color: #034999;\">SATZ BREITES MESSER<\/span><\/h4>\n<p style=\"text-align: justify;\"><strong>Schnitt\u00f6ffnung\u00a0<\/strong>85x20mm<br \/>\n<strong>Material\u00a0<\/strong>geh\u00e4rteter Stahl<br \/>\nDer Satz besteht aus einem oberen Messer, einem unteren Messer, Passscheiben und Gleitf\u00fchrungen.\u00a0Es ist der gesamte Satz und nicht nur einzelne Teile davon zu ersetzen.<br \/>\nArtikelnummer: <strong>1010030<\/strong><\/p>\n<p>[\/vc_column_text][\/vc_column][\/vc_row][vc_row equal_height=&#8220;yes&#8220;][vc_column width=&#8220;1\/4&#8243;][vc_single_image image=&#8220;99&#8243; img_size=&#8220;full&#8220; alignment=&#8220;center&#8220; onclick=&#8220;link_image&#8220;][\/vc_column][vc_column width=&#8220;1\/4&#8243;][vc_column_text]<\/p>\n<h4><span style=\"color: #034999;\">V-MESSERSATZ<\/span><\/h4>\n<p style=\"text-align: justify;\"><strong>Schnitt\u00f6ffnung<\/strong> Breite max 50mm, H\u00f6he max 20mm<br \/>\n<strong>Material\u00a0<\/strong>geh\u00e4rteter Stahl<br \/>\nDer Satz besteht aus einem oberen Messer, einem unteren Messer, Passscheiben und Gleitf\u00fchrungen.\u00a0Es ist der gesamte Satz und nicht nur einzelne Teile davon zu ersetzen.<br \/>\nArtikelnummer: <strong>1010029<\/strong><\/p>\n<p>[\/vc_column_text][\/vc_column][vc_column width=&#8220;1\/4&#8243;][vc_single_image image=&#8220;104&#8243; img_size=&#8220;full&#8220; alignment=&#8220;center&#8220; onclick=&#8220;link_image&#8220;][\/vc_column][vc_column width=&#8220;1\/4&#8243;][vc_column_text]<\/p>\n<h4><span style=\"color: #034999;\">MESSERSATZ PAPIER<\/span><\/h4>\n<p><strong>Schnitt\u00f6ffnung\u00a0<\/strong>2x150mm<br \/>\n<strong>Material\u00a0<\/strong>geh\u00e4rteter Stahl<br \/>\nDer Satz besteht aus einem oberen und einem unteren Messer.\u00a0Es ist der gesamte Satz und nicht nur einzelne Teile davon zu ersetzen.<br \/>\nArtikelnummer: <strong>1010031<\/strong>[\/vc_column_text][\/vc_column][\/vc_row][vc_row full_width=&#8220;stretch_row&#8220; equal_height=&#8220;yes&#8220; css=&#8220;.vc_custom_1508163326111{background-color: #f9f9f9 !important;}&#8220;][vc_column width=&#8220;1\/4&#8243;][vc_single_image image=&#8220;216&#8243; img_size=&#8220;full&#8220; alignment=&#8220;center&#8220; onclick=&#8220;link_image&#8220;][\/vc_column][vc_column width=&#8220;1\/4&#8243;][vc_column_text]<\/p>\n<h4><span style=\"color: #034999;\">KLEINES MESSER F\u00dcR ROHRE<\/span><\/h4>\n<p>Enth\u00e4lt nur das kleine Schneidemesser<\/p>\n<p>Artikelnummer: <strong>1010028<\/strong>[\/vc_column_text][\/vc_column][vc_column width=&#8220;1\/4&#8243;][vc_single_image image=&#8220;100&#8243; img_size=&#8220;full&#8220; alignment=&#8220;center&#8220; onclick=&#8220;link_image&#8220;][\/vc_column][vc_column width=&#8220;1\/4&#8243;][vc_column_text]<\/p>\n<h4><span style=\"color: #034999;\">MESSERSATZ ROHRE<\/span><\/h4>\n<p style=\"text-align: justify;\"><strong>Schnitt\u00f6ffnung<\/strong> Durchmesser max 17mm<br \/>\n<strong>Material<\/strong>\u00a0Stahl<br \/>\nDer Satz besteht aus einem oberen Messer, einem unteren Messer, Passscheiben und Gleitf\u00fchrungen.\u00a0Es ist der gesamte Satz und nicht nur einzelne Teile davon zu ersetzen.<br \/>\nArtikelnummer:\u00a0<strong>1010027<\/strong><\/p>\n<p>[\/vc_column_text][\/vc_column][\/vc_row][vc_row equal_height=&#8220;yes&#8220;][vc_column width=&#8220;1\/4&#8243;][vc_single_image image=&#8220;226&#8243; img_size=&#8220;full&#8220; alignment=&#8220;center&#8220; onclick=&#8220;link_image&#8220;][\/vc_column][vc_column width=&#8220;1\/4&#8243;][vc_column_text]<\/p>\n<h4><span style=\"color: #034999;\">TURMROLLENSATZ<\/span><\/h4>\n<p>Der Satz besteht aus vier Nylonrollen \u00d815mm.\u00a0Artikelnummer: <strong>1010022<\/strong><\/p>\n<p>Der Satz besteht aus vier Nylonrollen \u00d815mm samt kleinen Messern<br \/>\nArtikelnummer:\u00a0<strong>1010021<\/strong>[\/vc_column_text][\/vc_column][vc_column width=&#8220;1\/4&#8243;][vc_single_image image=&#8220;108&#8243; img_size=&#8220;full&#8220; alignment=&#8220;center&#8220; onclick=&#8220;link_image&#8220;][\/vc_column][vc_column width=&#8220;1\/4&#8243;][vc_column_text]<\/p>\n<h4><span style=\"color: #034999;\">ROLLENSATZ ROHRE<\/span><\/h4>\n<p>Der Satz besteht aus einer profilierten gr\u00fcnen Zugrolle aus Vulkollan und einer profilierten oberen Zugrolle<\/p>\n<p>Artikelnummer: <strong>1010076<\/strong>[\/vc_column_text][\/vc_column][\/vc_row][vc_row full_width=&#8220;stretch_row&#8220; equal_height=&#8220;yes&#8220; css=&#8220;.vc_custom_1508163326111{background-color: #f9f9f9 !important;}&#8220;][vc_column width=&#8220;1\/4&#8243;][vc_single_image image=&#8220;109&#8243; img_size=&#8220;full&#8220; alignment=&#8220;center&#8220; onclick=&#8220;link_image&#8220;][\/vc_column][vc_column width=&#8220;1\/4&#8243;][vc_column_text]<\/p>\n<h4><span style=\"color: #034999;\">OBERE ROLLE ENCODER<\/span><\/h4>\n<p>Nylonrolle \u00d840mm, L\u00e4nge 40mm<\/p>\n<p>Artikelnummer:\u00a0<strong>1010056<\/strong>[\/vc_column_text][\/vc_column][vc_column width=&#8220;1\/4&#8243;][vc_single_image image=&#8220;111&#8243; img_size=&#8220;full&#8220; alignment=&#8220;center&#8220; onclick=&#8220;link_image&#8220;][\/vc_column][vc_column width=&#8220;1\/4&#8243;][vc_column_text]<\/p>\n<h4><span style=\"color: #034999;\">OBERE ZUGROLLE<\/span><\/h4>\n<p>Nylonrolle \u00d840mm, L\u00e4nge 50mm<\/p>\n<p>Artikelnummer:\u00a0<strong>1010057<\/strong>[\/vc_column_text][\/vc_column][\/vc_row][vc_row equal_height=&#8220;yes&#8220;][vc_column width=&#8220;1\/4&#8243;][vc_single_image image=&#8220;112&#8243; img_size=&#8220;full&#8220; alignment=&#8220;center&#8220; onclick=&#8220;link_image&#8220;][\/vc_column][vc_column width=&#8220;1\/4&#8243;][vc_column_text]<\/p>\n<h4><span style=\"color: #034999;\">VULKOLLANZUGROLLE GR\u00dcN<\/span><\/h4>\n<p>Mit gr\u00fcnem Vulkollan beschichtete Rolle mit Metallachse \u00d840mm<\/p>\n<p>Artikelnummer:\u00a0<strong>1010055<\/strong>[\/vc_column_text][\/vc_column][vc_column width=&#8220;1\/4&#8243;][vc_single_image image=&#8220;114&#8243; img_size=&#8220;full&#8220; alignment=&#8220;center&#8220; onclick=&#8220;link_image&#8220;][\/vc_column][vc_column width=&#8220;1\/4&#8243;][vc_column_text]<\/p>\n<h4><span style=\"color: #034999;\">VULKOLLANZUGROLLE ROT<\/span><\/h4>\n<p>Mit rotem Vulkollan beschichtete Rolle mit Metallachse \u00d840mm<\/p>\n<p>Artikelnummer:\u00a0<strong>1010069<\/strong>[\/vc_column_text][\/vc_column][\/vc_row][vc_row full_width=&#8220;stretch_row&#8220; equal_height=&#8220;yes&#8220; css=&#8220;.vc_custom_1508163326111{background-color: #f9f9f9 !important;}&#8220;][vc_column width=&#8220;1\/4&#8243;][vc_single_image image=&#8220;115&#8243; img_size=&#8220;full&#8220; alignment=&#8220;center&#8220; onclick=&#8220;link_image&#8220;][\/vc_column][vc_column width=&#8220;1\/4&#8243;][vc_column_text]<\/p>\n<h4><span style=\"color: #034999;\">GER\u00c4NDELTE ZUGROLLE<\/span><\/h4>\n<p>Rolle aus geh\u00e4rtetem Stahl mit ger\u00e4ndelter Oberfl\u00e4che, \u00d840mm<br \/>\nEntwickelt f\u00fcr einen h\u00f6heren Bedarf an Zugkraft im Vergleich zur Vulkollanrolle<br \/>\nArtikelnummer: <strong>1010054<\/strong>[\/vc_column_text][\/vc_column][vc_column width=&#8220;1\/4&#8243;][vc_single_image image=&#8220;125&#8243; img_size=&#8220;full&#8220; alignment=&#8220;center&#8220; onclick=&#8220;link_image&#8220;][\/vc_column][vc_column width=&#8220;1\/4&#8243;][vc_column_text]<\/p>\n<h4><span style=\"color: #034999;\">VERZINKTE ZUGROLLE<\/span><\/h4>\n<p>Rolle aus oxidiertem Stahl, \u00d840mm<br \/>\nEntwickelt f\u00fcr einen h\u00f6heren Bedarf an Zugkraft<br \/>\nArtikelnummer: <strong>1010070<\/strong>[\/vc_column_text][\/vc_column][\/vc_row][vc_row equal_height=&#8220;yes&#8220;][vc_column width=&#8220;1\/4&#8243;][vc_single_image image=&#8220;120&#8243; img_size=&#8220;full&#8220; alignment=&#8220;center&#8220; onclick=&#8220;link_image&#8220;][\/vc_column][vc_column width=&#8220;1\/4&#8243;][vc_column_text]<\/p>\n<h4><span style=\"color: #034999;\">GRUPPE FR<\/span><\/h4>\n<p>Eingangsluftdruckreduzierer.<br \/>\nWird ohne Anschlussst\u00fccke und Manometer geliefert.<br \/>\nArtikelnummer:\u00a0<strong>1010075<\/strong>[\/vc_column_text][\/vc_column][vc_column width=&#8220;1\/4&#8243;][vc_single_image image=&#8220;117&#8243; img_size=&#8220;full&#8220; alignment=&#8220;center&#8220; onclick=&#8220;link_image&#8220;][\/vc_column][vc_column width=&#8220;1\/4&#8243;][vc_column_text]<\/p>\n<h4><span style=\"color: #034999;\">GRUPPE FR+L<\/span><\/h4>\n<p>Eingangsluftdruckreduzierer mit Filter- und Schmierbereich.<br \/>\nWird ohne Anschlussst\u00fccke und Manometer geliefert.<br \/>\nArtikelnummer: <strong>1010016<\/strong>[\/vc_column_text][\/vc_column][\/vc_row][vc_row full_width=&#8220;stretch_row&#8220; equal_height=&#8220;yes&#8220; css=&#8220;.vc_custom_1508163326111{background-color: #f9f9f9 !important;}&#8220;][vc_column width=&#8220;1\/4&#8243;][vc_single_image image=&#8220;121&#8243; img_size=&#8220;full&#8220; alignment=&#8220;center&#8220; onclick=&#8220;link_image&#8220;][\/vc_column][vc_column width=&#8220;1\/4&#8243;][vc_column_text]<\/p>\n<h4><span style=\"color: #034999;\">MANOMETER<\/span><\/h4>\n<p>Luftdruckanzeiger bis 12bar.<br \/>\nArtikelnummer: <strong>1010039<\/strong>[\/vc_column_text][\/vc_column][vc_column width=&#8220;1\/4&#8243;][vc_single_image image=&#8220;122&#8243; img_size=&#8220;full&#8220; alignment=&#8220;center&#8220; onclick=&#8220;link_image&#8220;][\/vc_column][vc_column width=&#8220;1\/4&#8243;][vc_column_text]<\/p>\n<h4><span style=\"color: #034999;\">LUFTBLASSATZ<\/span><\/h4>\n<p style=\"text-align: left;\">Wird an der Schneidemaschine angebracht, um den Austritt des geschnittenen Materials aus dem Auslassrohr zu erleichtern, wenn sich dies als schwierig erweisen sollte (z.B. bei sehr kleinen St\u00fccken).\u00a0Artikelnummer: <strong>1010037<\/strong><\/p>\n<p>[\/vc_column_text][\/vc_column][\/vc_row]<\/p>\n<\/div>","protected":false},"excerpt":{"rendered":"<p>[vc_row equal_height=&#8220;yes&#8220;][vc_column width=&#8220;1\/4&#8243;][vc_single_image image=&#8220;82&#8243; img_size=&#8220;full&#8220; alignment=&#8220;center&#8220; onclick=&#8220;link_image&#8220;][\/vc_column][vc_column width=&#8220;1\/4&#8243;][vc_column_text] TAFELN Tafeln sind in folgenden Sprachen erh\u00e4ltlich: ITALIENISCH \u00a0Artikelnummer: 1010042-IT ENGLISCH Artikelnummer: 1010042-EN FRANZ\u00d6SISCH Artikelnummer: 1010042-FR SPANISCH Artikelnummer:<span class=\"excerpt-hellip\"> [\u2026]<\/span><\/p>\n","protected":false},"author":2,"featured_media":0,"parent":0,"menu_order":0,"comment_status":"closed","ping_status":"closed","template":"","meta":{"footnotes":""},"class_list":["post-419","page","type-page","status-publish","hentry"],"_links":{"self":[{"href":"https:\/\/www.errebi-italia.com\/de\/wp-json\/wp\/v2\/pages\/419","targetHints":{"allow":["GET"]}}],"collection":[{"href":"https:\/\/www.errebi-italia.com\/de\/wp-json\/wp\/v2\/pages"}],"about":[{"href":"https:\/\/www.errebi-italia.com\/de\/wp-json\/wp\/v2\/types\/page"}],"author":[{"embeddable":true,"href":"https:\/\/www.errebi-italia.com\/de\/wp-json\/wp\/v2\/users\/2"}],"replies":[{"embeddable":true,"href":"https:\/\/www.errebi-italia.com\/de\/wp-json\/wp\/v2\/comments?post=419"}],"version-history":[{"count":0,"href":"https:\/\/www.errebi-italia.com\/de\/wp-json\/wp\/v2\/pages\/419\/revisions"}],"wp:attachment":[{"href":"https:\/\/www.errebi-italia.com\/de\/wp-json\/wp\/v2\/media?parent=419"}],"curies":[{"name":"wp","href":"https:\/\/api.w.org\/{rel}","templated":true}]}}